{"id":65,"date":"2008-10-26T16:46:48","date_gmt":"2008-10-26T14:46:48","guid":{"rendered":"http:\/\/bsc.linneweber.org\/?page_id=65"},"modified":"2023-04-16T15:14:26","modified_gmt":"2023-04-16T14:14:26","slug":"training","status":"publish","type":"page","link":"https:\/\/bsc-sennestadt.de\/?page_id=65","title":{"rendered":"Training"},"content":{"rendered":"<p style=\"text-align: center;\">W\u00e4hrend der hier angegebenen Zeiten treffen sich die Sch\u00fctzen des BSC-Sennestadt zum gemeinsamen Training. Das gemeinsame Training dient zum Erfahrungsaustausch und nat\u00fcrlich auch zum Kl\u00f6nen.<\/p>\n<p style=\"text-align: right;\"><a href=\"http:\/\/www.bsc-sennestadt.de\/wp-content\/uploads\/2008\/10\/web_bsc1.jpg\"><img loading=\"lazy\" decoding=\"async\" class=\"size-medium wp-image-1708 aligncenter\" src=\"http:\/\/www.bsc-sennestadt.de\/wp-content\/uploads\/2008\/10\/web_bsc1-300x200.jpg\" alt=\"web_bsc1\" width=\"300\" height=\"200\" srcset=\"https:\/\/bsc-sennestadt.de\/wp-content\/uploads\/2008\/10\/web_bsc1-300x200.jpg 300w, https:\/\/bsc-sennestadt.de\/wp-content\/uploads\/2008\/10\/web_bsc1.jpg 1024w\" sizes=\"auto, (max-width: 300px) 100vw, 300px\" \/><\/a><\/p>\n<table border=\"0\" width=\"95%\" cellspacing=\"0\" cellpadding=\"10\">\n<tbody>\n<tr>\n<td style=\"background-color: #c0c0c0; width: 20%; padding: 10px;\"><strong>&nbsp;<\/strong><\/td>\n<td style=\"background-color: #c0c0c0; width: 40%; padding: 10px;\"><strong>Im Sommer<br \/>\n(April bis September)<\/strong><\/td>\n<td style=\"padding: 10px; background-color: #c0c0c0;\"><strong>Im Winter<br \/>\n(Oktober bis M\u00e4rz)<\/strong><\/td>\n<\/tr>\n<tr>\n<td style=\"padding: 10px; background-color: #c0c0c0;\"><strong>Zeiten: <\/strong><\/td>\n<td style=\"padding: 10px;\">Dienstags, freitags: 18:00 bis 20:00 Uhr<br \/>\nMittwochs Blanksch\u00fctzen: 18:00 bis 20:00 Uhr<\/td>\n<td style=\"padding: 10px;\">Dienstags 19:00 bis 22:00 Uhr &nbsp;freitags: 19:30 bis 22:00 Uhr<br \/>\nJugendtraining Freitag 18:00 bis 19:30 Uhr<\/td>\n<\/tr>\n<tr>\n<td style=\"padding: 10px; background-color: #c0c0c0;\"><strong>Ort:<\/strong><\/td>\n<td style=\"padding: 10px;\">Bogensportplatz am Ostkampweg<\/td>\n<td style=\"padding: 10px;\">Sporthalle des Hans Ehrenberg Gymnasiums.<\/td>\n<\/tr>\n<tr>\n<td style=\"padding: 10px; background-color: #c0c0c0;\"><strong>Bemerkung:<\/strong><\/td>\n<td style=\"padding: 10px;\">Bei schlechtem Wetter (z.B. starker Regen) f\u00e4llt das Training aus.<\/td>\n<td style=\"padding: 10px;\">Bitte Hallenschuhe mitbringen. Mithilfe beim Auf- und\/oder Abbau ist erforderlich.<\/td>\n<\/tr>\n<\/tbody>\n<\/table>\n<p>Das Trainingsgel\u00e4nde findet Ihr hier:<br \/>\n<small><a style=\"color: #0000ff; text-align: left;\" href=\"http:\/\/maps.google.de\/maps?f=d&amp;source=embed&amp;saddr=51.956908,8.557706&amp;daddr=&amp;hl=de&amp;geocode=&amp;mra=mi&amp;mrsp=0&amp;sz=16&amp;sll=51.957054,8.557577&amp;sspn=0.008291,0.024784&amp;ie=UTF8&amp;t=h&amp;ll=51.957067,8.557577&amp;spn=0.007934,0.012875&amp;z=15\">Gr\u00f6\u00dfere Kartenansicht<\/a><\/small><\/p>\n","protected":false},"excerpt":{"rendered":"<p>W\u00e4hrend der hier angegebenen Zeiten treffen sich die Sch\u00fctzen des BSC-Sennestadt zum gemeinsamen Training. Das gemeinsame Training dient zum Erfahrungsaustausch und nat\u00fcrlich auch zum Kl\u00f6nen. &nbsp; Im Sommer (April bis September) Im Winter (Oktober bis M\u00e4rz) Zeiten: Dienstags, freitags: 18:00 bis 20:00 Uhr Mittwochs Blanksch\u00fctzen: 18:00 bis 20:00 Uhr Dienstags 19:00 bis 22:00 Uhr &nbsp;freitags: &hellip; <\/p>\n<p><a class=\"more-link btn\" href=\"https:\/\/bsc-sennestadt.de\/?page_id=65\">Weiterlesen<\/a><\/p>\n","protected":false},"author":38,"featured_media":0,"parent":3,"menu_order":20,"comment_status":"closed","ping_status":"closed","template":"","meta":{"ngg_post_thumbnail":0,"footnotes":""},"class_list":["post-65","page","type-page","status-publish","hentry","nodate","item-wrap"],"_links":{"self":[{"href":"https:\/\/bsc-sennestadt.de\/index.php?rest_route=\/wp\/v2\/pages\/65","targetHints":{"allow":["GET"]}}],"collection":[{"href":"https:\/\/bsc-sennestadt.de\/index.php?rest_route=\/wp\/v2\/pages"}],"about":[{"href":"https:\/\/bsc-sennestadt.de\/index.php?rest_route=\/wp\/v2\/types\/page"}],"author":[{"embeddable":true,"href":"https:\/\/bsc-sennestadt.de\/index.php?rest_route=\/wp\/v2\/users\/38"}],"replies":[{"embeddable":true,"href":"https:\/\/bsc-sennestadt.de\/index.php?rest_route=%2Fwp%2Fv2%2Fcomments&post=65"}],"version-history":[{"count":39,"href":"https:\/\/bsc-sennestadt.de\/index.php?rest_route=\/wp\/v2\/pages\/65\/revisions"}],"predecessor-version":[{"id":3082,"href":"https:\/\/bsc-sennestadt.de\/index.php?rest_route=\/wp\/v2\/pages\/65\/revisions\/3082"}],"up":[{"embeddable":true,"href":"https:\/\/bsc-sennestadt.de\/index.php?rest_route=\/wp\/v2\/pages\/3"}],"wp:attachment":[{"href":"https:\/\/bsc-sennestadt.de\/index.php?rest_route=%2Fwp%2Fv2%2Fmedia&parent=65"}],"curies":[{"name":"wp","href":"https:\/\/api.w.org\/{rel}","templated":true}]}}