{"id":53,"date":"2008-10-26T16:34:50","date_gmt":"2008-10-26T14:34:50","guid":{"rendered":"http:\/\/bsc.linneweber.org\/?page_id=53"},"modified":"2026-04-07T20:45:02","modified_gmt":"2026-04-07T19:45:02","slug":"kontakte","status":"publish","type":"page","link":"https:\/\/bsc-sennestadt.de\/?page_id=53","title":{"rendered":"Kontakte"},"content":{"rendered":"<p>Hier die wichtigsten Adressen und Ansprechpartner des Vereins.<\/p>\n<h3>Vereinsanschrift<\/h3>\n<p>BSC-Sennestadt e.V.<br \/>\nSt.-Heinrich-Str. 182<br \/>\n33758 Schlo\u00df Holte Stukenbrock<\/p>\n<h3>Trainings-Orte<\/h3>\n<table style=\"height: 231px;\" border=\"0\" width=\"400\" cellspacing=\"10\" cellpadding=\"10\">\n<tbody>\n<tr>\n<td align=\"left\" valign=\"top\">\n<h3>Anschrift Trainingsgel\u00e4nde<\/h3>\n<p>(Training April bis September)<br \/>\nOstkampweg<br \/>\n33659 Bielefeld<\/p>\n<p>Der Platz ist ganzj\u00e4hrig ge\u00f6ffnet.<\/p>\n<p>Allerdings im Winter mit reduzierter Scheibenzahl.<\/td>\n<td align=\"left\" valign=\"top\">\n<h3>Anschrift Trainings-Halle<\/h3>\n<p>(Training Oktober bis M\u00e4rz)<br \/>\nHans Ehrenberg Gymnasium<br \/>\nElbeallee 75<br \/>\n33689 Bielefeld<\/td>\n<\/tr>\n<\/tbody>\n<\/table>\n<h3>Der Vorstand<\/h3>\n<table style=\"height: 607px;\" border=\"0\" width=\"399\" cellspacing=\"10\" cellpadding=\"10\">\n<tbody>\n<tr>\n<td align=\"left\" valign=\"top\">\n<h4>1. Vorsitzender<\/h4>\n<p>Robert Bo\u00dfler<\/p>\n<p>St.-Heinrich-Str. 182<br \/>\n33758 Schlo\u00df Holte Stukenbrock<\/p>\n<p>Mobil:&nbsp; 01708319451 bitte erst ab 17:00<\/p>\n<p>Email: BSC.Sennestadt-Vorstand1@mail.de<\/td>\n<td align=\"left\" valign=\"top\">\n<h4>2. Vorsitzender<\/h4>\n<p>Daniel Haase<\/p>\n<p>Email: BSC.Sennestadt-Vorstand1@mail.de<\/td>\n<\/tr>\n<tr>\n<td align=\"left\" valign=\"top\">\n<h4>Kassenwart<\/h4>\n<p>Benjamin Ossenbrink<\/p>\n<p>Email: BSC.Sennestadt-Vorstand1@mail.de<\/td>\n<td align=\"left\" valign=\"top\">\n<h4>Schriftf\u00fchrerin<\/h4>\n<p style=\"text-align: justify;\">Nicole Schr\u00f6der<\/p>\n<p>Email: BSC.Sennestadt-Vorstand1@mail.de<\/p>\n<address style=\"text-align: justify;\">&nbsp;<\/address>\n<\/td>\n<\/tr>\n<\/tbody>\n<\/table>\n<h3>&nbsp;<\/h3>\n<table style=\"width: 252px; height: 128px;\" border=\"0\" cellspacing=\"10\" cellpadding=\"10\">\n<tbody>\n<tr>\n<td align=\"left\" valign=\"top\">\n<address>&nbsp;<\/address>\n<\/td>\n<td align=\"left\" valign=\"top\">&nbsp;<\/td>\n<\/tr>\n<\/tbody>\n<\/table>\n<p style=\"text-align: left;\">&nbsp;<\/p>\n","protected":false},"excerpt":{"rendered":"<p>Hier die wichtigsten Adressen und Ansprechpartner des Vereins. Vereinsanschrift BSC-Sennestadt e.V. St.-Heinrich-Str. 182 33758 Schlo\u00df Holte Stukenbrock Trainings-Orte Anschrift Trainingsgel\u00e4nde (Training April bis September) Ostkampweg 33659 Bielefeld Der Platz ist ganzj\u00e4hrig ge\u00f6ffnet. Allerdings im Winter mit reduzierter Scheibenzahl. Anschrift Trainings-Halle (Training Oktober bis M\u00e4rz) Hans Ehrenberg Gymnasium Elbeallee 75 33689 Bielefeld Der Vorstand 1. Vorsitzender &hellip; <\/p>\n<p><a class=\"more-link btn\" href=\"https:\/\/bsc-sennestadt.de\/?page_id=53\">Weiterlesen<\/a><\/p>\n","protected":false},"author":38,"featured_media":0,"parent":3,"menu_order":30,"comment_status":"closed","ping_status":"closed","template":"","meta":{"ngg_post_thumbnail":0,"footnotes":""},"class_list":["post-53","page","type-page","status-publish","hentry","nodate","item-wrap"],"_links":{"self":[{"href":"https:\/\/bsc-sennestadt.de\/index.php?rest_route=\/wp\/v2\/pages\/53","targetHints":{"allow":["GET"]}}],"collection":[{"href":"https:\/\/bsc-sennestadt.de\/index.php?rest_route=\/wp\/v2\/pages"}],"about":[{"href":"https:\/\/bsc-sennestadt.de\/index.php?rest_route=\/wp\/v2\/types\/page"}],"author":[{"embeddable":true,"href":"https:\/\/bsc-sennestadt.de\/index.php?rest_route=\/wp\/v2\/users\/38"}],"replies":[{"embeddable":true,"href":"https:\/\/bsc-sennestadt.de\/index.php?rest_route=%2Fwp%2Fv2%2Fcomments&post=53"}],"version-history":[{"count":102,"href":"https:\/\/bsc-sennestadt.de\/index.php?rest_route=\/wp\/v2\/pages\/53\/revisions"}],"predecessor-version":[{"id":3551,"href":"https:\/\/bsc-sennestadt.de\/index.php?rest_route=\/wp\/v2\/pages\/53\/revisions\/3551"}],"up":[{"embeddable":true,"href":"https:\/\/bsc-sennestadt.de\/index.php?rest_route=\/wp\/v2\/pages\/3"}],"wp:attachment":[{"href":"https:\/\/bsc-sennestadt.de\/index.php?rest_route=%2Fwp%2Fv2%2Fmedia&parent=53"}],"curies":[{"name":"wp","href":"https:\/\/api.w.org\/{rel}","templated":true}]}}