{"id":5,"date":"2008-10-22T23:14:15","date_gmt":"2008-10-22T21:14:15","guid":{"rendered":"http:\/\/bsc.linneweber.org\/?page_id=5"},"modified":"2023-03-12T20:58:39","modified_gmt":"2023-03-12T19:58:39","slug":"mitgliedschaft","status":"publish","type":"page","link":"https:\/\/bsc-sennestadt.de\/?page_id=5","title":{"rendered":"Mitgliedschaft"},"content":{"rendered":"<p>Wenn Sie Mitglied im Bogensportclub Sennestadt e.V. werden m\u00f6chten, f\u00fcllen Sie bitte den Aufnahmeantrag aus und geben ihn pers\u00f6nlich w\u00e4hrend des <a href=\"http:\/\/www.bsc-sennestadt.de\/training\/training.htm\">Trainings<\/a> oder direkt beim <a href=\"http:\/\/www.bsc-sennestadt.de\/kontakte\/kontakte.htm\">Vorstand<\/a> ab.<br \/>\nMit dem Aufnahmeantrag erkennen Sie die Satzung und Platzordnung des Vereins an.<br \/>\nWeiterhin wird die Aufnahmegeb\u00fchr und der Beitrag f\u00e4llig.<\/p>\n<h3>Dateien zum Ansehen und Ausdrucken<\/h3>\n<ul>\n<li>Aufnahmeantrag nur \u00fcber den Vorstand<\/li>\n<li>Satzung <a title=\"online\" href=\"http:\/\/www.bsc-sennestadt.de\/?page_id=24\" target=\"_self\" rel=\"noopener\">online<\/a> \/ <a href=\"http:\/\/www.bsc-sennestadt.de\/wp-content\/uploads\/2008\/10\/BSC-SATZ_neu_2014_Beitr\u00e4ge_2014.pdf\">als PDF Datei<\/a><\/li>\n<li>Beitrags\u00fcbersicht <a title=\"online\" href=\"http:\/\/www.bsc-sennestadt.de\/?page_id=29\" target=\"_self\" rel=\"noopener\">online<\/a><\/li>\n<\/ul>\n<h3>Beitr\u00e4ge<\/h3>\n<p>(g\u00fcltig ab 01.01.2014 )<\/p>\n<table id=\"table1\" border=\"1\" cellspacing=\"0\" cellpadding=\"4\">\n<tbody>\n<tr>\n<th rowspan=\"2\">&nbsp;<\/th>\n<th>Aufnahmegeb\u00fchr<\/th>\n<th align=\"justify\">Jahresbeitrag<\/th>\n<\/tr>\n<tr>\n<td align=\"left\">EUR<\/td>\n<td align=\"left\">EUR<\/td>\n<\/tr>\n<tr>\n<td>&nbsp;<\/td>\n<td align=\"left\">&nbsp;<\/td>\n<td align=\"left\">&nbsp;<\/td>\n<\/tr>\n<tr>\n<td>bis 18 Jahre<\/td>\n<td align=\"left\">36,- \u20ac<\/td>\n<td align=\"left\">36,- \u20ac<\/td>\n<\/tr>\n<tr>\n<td>\u00dcber 18 Jahre<\/td>\n<td align=\"left\">48,- \u20ac<\/td>\n<td align=\"left\">48,- \u20ac<\/td>\n<\/tr>\n<tr>\n<td>Bundeswehrangeh\u00f6rige (Wehrpflichtige)<\/td>\n<td align=\"left\">36,- \u20ac<\/td>\n<td align=\"left\">36,- \u20ac<\/td>\n<\/tr>\n<tr>\n<td>Familien (Eltern und minderj\u00e4hrige Kinder)<\/td>\n<td align=\"left\">96,- \u20ac<\/td>\n<td align=\"left\">96,- \u20ac<\/td>\n<\/tr>\n<\/tbody>\n<\/table>\n<p>Die Aufnahmegeb\u00fchr sowie der Jahresbeitrag ist bei Eintritt in den Verein f\u00e4llig. Wird das f\u00fcr den Verein einfachere Einzugsverfahren gew\u00e4hlt, zieht der Verein Aufnahmegeb\u00fchr und Jahresbeitrag zusammen ein. Der Beitrag erm\u00e4\u00dfigt sich bei Eintritt nach dem 01.07. des laufenden Jahres auf die H\u00e4lfte. Die Aufnahmegeb\u00fchr ist davon nicht betroffen.<\/p>\n<p>Bundeswehrangeh\u00f6rige, Auszubildende und Studenten, die in den Genuss des verg\u00fcnstigten Beitrages kommen wollen, m\u00fcssen einen formlosen Antrag stellen. Der Nachweis zur Berechtigung ist zu erbringen.<\/p>\n<p>Der Jahresbeitrag wird am 15.01. des laufenden Kalenderjahres per Bankeinzugabgebucht, sofern das Abbuchungsverfahren gew\u00e4hlt wurde. Bei Austritt aus dem Verein werden alle Daten unwiederbringlich gel\u00f6scht.<\/p>\n<h3>Noch eine Bitte<\/h3>\n<p>Bitte erteilen Sie uns auch die Einzugserm\u00e4chtigung f\u00fcr Ihr Konto. Dies erm\u00f6glicht uns die automatische Abrechnung der Vereinsbeitr\u00e4ge und spart dem Vorstand viel Arbeit.<\/p>\n","protected":false},"excerpt":{"rendered":"<p>Wenn Sie Mitglied im Bogensportclub Sennestadt e.V. werden m\u00f6chten, f\u00fcllen Sie bitte den Aufnahmeantrag aus und geben ihn pers\u00f6nlich w\u00e4hrend des Trainings oder direkt beim Vorstand ab. Mit dem Aufnahmeantrag erkennen Sie die Satzung und Platzordnung des Vereins an. Weiterhin wird die Aufnahmegeb\u00fchr und der Beitrag f\u00e4llig. Dateien zum Ansehen und Ausdrucken Aufnahmeantrag nur \u00fcber &hellip; <\/p>\n<p><a class=\"more-link btn\" href=\"https:\/\/bsc-sennestadt.de\/?page_id=5\">Weiterlesen<\/a><\/p>\n","protected":false},"author":38,"featured_media":0,"parent":3,"menu_order":10,"comment_status":"closed","ping_status":"closed","template":"","meta":{"ngg_post_thumbnail":0,"footnotes":""},"class_list":["post-5","page","type-page","status-publish","hentry","nodate","item-wrap"],"_links":{"self":[{"href":"https:\/\/bsc-sennestadt.de\/index.php?rest_route=\/wp\/v2\/pages\/5","targetHints":{"allow":["GET"]}}],"collection":[{"href":"https:\/\/bsc-sennestadt.de\/index.php?rest_route=\/wp\/v2\/pages"}],"about":[{"href":"https:\/\/bsc-sennestadt.de\/index.php?rest_route=\/wp\/v2\/types\/page"}],"author":[{"embeddable":true,"href":"https:\/\/bsc-sennestadt.de\/index.php?rest_route=\/wp\/v2\/users\/38"}],"replies":[{"embeddable":true,"href":"https:\/\/bsc-sennestadt.de\/index.php?rest_route=%2Fwp%2Fv2%2Fcomments&post=5"}],"version-history":[{"count":20,"href":"https:\/\/bsc-sennestadt.de\/index.php?rest_route=\/wp\/v2\/pages\/5\/revisions"}],"predecessor-version":[{"id":3066,"href":"https:\/\/bsc-sennestadt.de\/index.php?rest_route=\/wp\/v2\/pages\/5\/revisions\/3066"}],"up":[{"embeddable":true,"href":"https:\/\/bsc-sennestadt.de\/index.php?rest_route=\/wp\/v2\/pages\/3"}],"wp:attachment":[{"href":"https:\/\/bsc-sennestadt.de\/index.php?rest_route=%2Fwp%2Fv2%2Fmedia&parent=5"}],"curies":[{"name":"wp","href":"https:\/\/api.w.org\/{rel}","templated":true}]}}