{"id":29,"date":"2008-10-22T23:57:23","date_gmt":"2008-10-22T21:57:23","guid":{"rendered":"http:\/\/bsc.linneweber.org\/?page_id=29"},"modified":"2014-03-02T13:19:51","modified_gmt":"2014-03-02T12:19:51","slug":"beitrage","status":"publish","type":"page","link":"https:\/\/bsc-sennestadt.de\/?page_id=29","title":{"rendered":"Beitr\u00e4ge"},"content":{"rendered":"<p>(g\u00fcltig ab 01.01.2013 )<\/p>\n<table id=\"table1\" border=\"1\" cellspacing=\"0\" cellpadding=\"4\">\n<tbody>\n<tr>\n<th rowspan=\"2\"><\/th>\n<th>Aufnahmegeb\u00fchr<\/th>\n<th align=\"justify\">Jahresbeitrag<\/th>\n<\/tr>\n<tr>\n<td align=\"left\">EUR<\/td>\n<td align=\"left\">EUR<\/td>\n<\/tr>\n<tr>\n<td><\/td>\n<td align=\"left\"><\/td>\n<td align=\"left\"><\/td>\n<\/tr>\n<tr>\n<td>bis 18 Jahre<\/td>\n<td align=\"left\">36,- \u20ac<\/td>\n<td align=\"left\">36,- \u20ac<\/td>\n<\/tr>\n<tr>\n<td>\u00dcber 18 Jahre<\/td>\n<td align=\"left\">48,- \u20ac<\/td>\n<td align=\"left\">48,- \u20ac<\/td>\n<\/tr>\n<tr>\n<td>Bundeswehrangeh\u00f6rige (Wehrpflichtige)<\/td>\n<td align=\"left\">36,- \u20ac<\/td>\n<td align=\"left\">36,- \u20ac<\/td>\n<\/tr>\n<tr>\n<td>Familien (Eltern und minderj\u00e4hrige Kinder)<\/td>\n<td align=\"left\">96,- \u20ac<\/td>\n<td align=\"left\">96,- \u20ac<\/td>\n<\/tr>\n<\/tbody>\n<\/table>\n<p>Die Aufnahmegeb\u00fchr sowie der Jahresbeitrag ist bei Eintritt in den Verein f\u00e4llig. Wird das f\u00fcr den Verein einfachere Einzugsverfahren gew\u00e4hlt, zieht der Verein Aufnahmegeb\u00fchr und Jahresbeitrag zusammen ein. Der Beitrag erm\u00e4\u00dfigt sich bei Eintritt nach dem 01.07. des laufenden Jahres auf die H\u00e4lfte. Die Aufnahmegeb\u00fchr ist davon nicht betroffen.<\/p>\n<p>Bundeswehrangeh\u00f6rige, Auszubildende und Studenten, die in den Genuss des verg\u00fcnstigten Beitrages kommen wollen, m\u00fcssen einen formlosen Antrag stellen. Der Nachweis zur Berechtigung ist zu erbringen.<\/p>\n<p>Der Jahresbeitrag wird am 15.01. des laufenden Kalenderjahres per Bankeinzugabgebucht, sofern das Abbuchungsverfahren gew\u00e4hlt wurde. Bei Austritt aus dem Verein werden alle Daten unwiederbringlich gel\u00f6scht.<\/p>\n<p>BSC Sennestadt e.V.<\/p>\n","protected":false},"excerpt":{"rendered":"<p>(g\u00fcltig ab 01.01.2013 ) Aufnahmegeb\u00fchr Jahresbeitrag EUR EUR bis 18 Jahre 36,- \u20ac 36,- \u20ac \u00dcber 18 Jahre 48,- \u20ac 48,- \u20ac Bundeswehrangeh\u00f6rige (Wehrpflichtige) 36,- \u20ac 36,- \u20ac Familien (Eltern und minderj\u00e4hrige Kinder) 96,- \u20ac 96,- \u20ac Die Aufnahmegeb\u00fchr sowie der Jahresbeitrag ist bei Eintritt in den Verein f\u00e4llig. Wird das f\u00fcr den Verein einfachere &hellip; <\/p>\n<p><a class=\"more-link btn\" href=\"https:\/\/bsc-sennestadt.de\/?page_id=29\">Weiterlesen<\/a><\/p>\n","protected":false},"author":38,"featured_media":0,"parent":3,"menu_order":50,"comment_status":"closed","ping_status":"closed","template":"","meta":{"ngg_post_thumbnail":0,"footnotes":""},"class_list":["post-29","page","type-page","status-publish","hentry","nodate","item-wrap"],"_links":{"self":[{"href":"https:\/\/bsc-sennestadt.de\/index.php?rest_route=\/wp\/v2\/pages\/29","targetHints":{"allow":["GET"]}}],"collection":[{"href":"https:\/\/bsc-sennestadt.de\/index.php?rest_route=\/wp\/v2\/pages"}],"about":[{"href":"https:\/\/bsc-sennestadt.de\/index.php?rest_route=\/wp\/v2\/types\/page"}],"author":[{"embeddable":true,"href":"https:\/\/bsc-sennestadt.de\/index.php?rest_route=\/wp\/v2\/users\/38"}],"replies":[{"embeddable":true,"href":"https:\/\/bsc-sennestadt.de\/index.php?rest_route=%2Fwp%2Fv2%2Fcomments&post=29"}],"version-history":[{"count":19,"href":"https:\/\/bsc-sennestadt.de\/index.php?rest_route=\/wp\/v2\/pages\/29\/revisions"}],"predecessor-version":[{"id":3046,"href":"https:\/\/bsc-sennestadt.de\/index.php?rest_route=\/wp\/v2\/pages\/29\/revisions\/3046"}],"up":[{"embeddable":true,"href":"https:\/\/bsc-sennestadt.de\/index.php?rest_route=\/wp\/v2\/pages\/3"}],"wp:attachment":[{"href":"https:\/\/bsc-sennestadt.de\/index.php?rest_route=%2Fwp%2Fv2%2Fmedia&parent=29"}],"curies":[{"name":"wp","href":"https:\/\/api.w.org\/{rel}","templated":true}]}}