{"id":24,"date":"2008-10-22T23:48:07","date_gmt":"2008-10-22T21:48:07","guid":{"rendered":"http:\/\/bsc.linneweber.org\/?page_id=24"},"modified":"2017-09-02T14:03:13","modified_gmt":"2017-09-02T13:03:13","slug":"satzung","status":"publish","type":"page","link":"https:\/\/bsc-sennestadt.de\/?page_id=24","title":{"rendered":"Satzung"},"content":{"rendered":"<p align=\"center\">Im Folgenden findet Ihr die Satzung des BSC Sennestadt &#8211; alternativ auch als PDF Download.<\/p>\n<p align=\"center\"><a href=\"http:\/\/www.bsc-sennestadt.de\/wp-content\/uploads\/2008\/10\/BSC_Satzung.pdf\">Download Satzung<\/a><\/p>\n<p>&nbsp;<\/p>\n<p style=\"text-align: center;\"><strong>Satzung<\/strong><\/p>\n<p style=\"text-align: center;\"><strong><u>\u00a7 &nbsp;1 Name, Sitz und Zweck des Vereins<\/u><\/strong><\/p>\n<p style=\"text-align: center;\">a) Der Verein f\u00fchrt den Namen &#8220; Bogensportclub-Sennestadt &#8220; mit dem Zusatz &#8220; e. V.&#8220; nach Eintragung und hat seinen Sitz in Bielefeld. Er ist in das Vereinsregister einzutragen.<\/p>\n<p>&nbsp;<\/p>\n<p style=\"text-align: center;\">b) Der Verein ist selbstlos t\u00e4tig. Er verfolgt ausschlie\u00dflich und unmittelbar gemeinn\u00fctzige Zwecke im Sinne des Abschnittes \u201eSteuerbeg\u00fcnstigte Zwecke&#8220; der Abgabenordnung.<br \/>\nEr verfolgt nicht in erster Linie eigenwirtschaftliche Zwecke. Mittel des BSC d\u00fcrfen nur f\u00fcr die satzungsgem\u00e4\u00dfen Zwecke verwendet werden. Es darf keine Person durch Abgaben die den Zwecken des BSC fremd sind, oder durch unverh\u00e4ltnism\u00e4\u00dfig hohe Verg\u00fctung beg\u00fcnstigt werden.<br \/>\nDer BSC ist parteipolitisch neutral. Er vertritt den Grundsatz religi\u00f6ser, weltanschaulicher und rassischer Toleranz. Seine wichtigste Aufgabe sieht er darin, seinen Mitgliedern jegliche Art von sportlicher Ert\u00fcchtigung zu bieten, insbesondere das Bogenschie\u00dfen.<\/p>\n<p><strong>&nbsp;<\/strong><\/p>\n<p><strong>&nbsp;<\/strong><\/p>\n<p style=\"text-align: center;\"><strong><u>\u00a7 &nbsp;2. Mitgliedschaft<\/u><\/strong><\/p>\n<p>&nbsp;<\/p>\n<p style=\"text-align: center;\">a) Jeder am Bogenschie\u00dfen interessierte kann auf Antrag Mitglied des Vereins werden.<\/p>\n<p style=\"text-align: center;\">&nbsp;<\/p>\n<p style=\"text-align: center;\">b) \u00dcber die Aufnahme entscheidet der Vorstand mit Mehrheit.<\/p>\n<p style=\"text-align: center;\">&nbsp;<\/p>\n<p style=\"text-align: center;\">c) S\u00e4mtliche Mitglieder gelten als ordentliche Mitglieder, wenn sie das 18. Lebensjahr vollendet haben (Mitglieder unter 18 gelten als Jugendliche) und durch den Vorstand endg\u00fcltig aufgenommen worden sind. Bis zur Aufnahme durch den Vorstand gilt das Mitglied als \u201evorl\u00e4ufiges Mitglied\u201c<\/p>\n<p><strong>&nbsp;<\/strong><\/p>\n<p><strong>&nbsp;<\/strong><\/p>\n<p style=\"text-align: center;\"><strong><u>\u00a7 &nbsp;3 Rechte und Pflichten der Mitglieder<\/u><\/strong><\/p>\n<p><em><u>&nbsp;<\/u><\/em><\/p>\n<p style=\"text-align: center;\">a) Alle ordentlichen Mitglieder sind bei Vereinsversammlungen und Wahlen stimmberechtigt, sofern sie nicht mit der Zahlung der Mitgliedsbeitr\u00e4ge im R\u00fcckstand sind.<\/p>\n<p style=\"text-align: center;\">&nbsp;<\/p>\n<p style=\"text-align: center;\">b) Alle Mitglieder, die dem Vorstand angeh\u00f6ren oder an Wettk\u00e4mpfen teilnehmen wollen, m\u00fcssen im Besitz eines g\u00fcltigen Sch\u00fctzenpasses sein, der vom Landesverband ausgestellt sein muss.<\/p>\n<p style=\"text-align: center;\">&nbsp;<\/p>\n<p style=\"text-align: center;\">c) Der Jahresbeitrag muss im Voraus, jedoch bis zum 31.03. des laufenden Jahres entrichtet worden sein.<\/p>\n<p style=\"text-align: center;\">&nbsp;<\/p>\n<p style=\"text-align: center;\">d) Bei der endg\u00fcltigen Aufnahme eines neuen Mitgliedes hat dieses einen Aufnahmebeitrag zu zahlen, dessen H\u00f6he in der Jahreshauptversammlung festgelegt wird. Die H\u00f6he des Jahresbeitrages wird ebenfalls in der Jahreshauptversammlung festgelegt.<\/p>\n<p style=\"text-align: center;\">&nbsp;<\/p>\n<p style=\"text-align: center;\">e) S\u00e4mtliche Mitglieder verpflichten sich zu kostenlosem Arbeitseinsatz in Belangen des Vereins.<\/p>\n<p>&nbsp;&nbsp;&nbsp;&nbsp;&nbsp;&nbsp;&nbsp;&nbsp;&nbsp;&nbsp;&nbsp;&nbsp;&nbsp;&nbsp;&nbsp;&nbsp;&nbsp;&nbsp;&nbsp;&nbsp;&nbsp;&nbsp;&nbsp;&nbsp;&nbsp;&nbsp;&nbsp;&nbsp;&nbsp;&nbsp;&nbsp;&nbsp;&nbsp;&nbsp;&nbsp;&nbsp;&nbsp;&nbsp;&nbsp;&nbsp;&nbsp;&nbsp;&nbsp;&nbsp;&nbsp;&nbsp;&nbsp;&nbsp;&nbsp;&nbsp;&nbsp;&nbsp;&nbsp;&nbsp;&nbsp;&nbsp;&nbsp;&nbsp;&nbsp;&nbsp;&nbsp;&nbsp;&nbsp;&nbsp;&nbsp;&nbsp;&nbsp;&nbsp;&nbsp;<\/p>\n<p style=\"text-align: center;\"><strong><u>\u00a7 &nbsp;4 Ende der Mitgliedschaft<\/u><\/strong><\/p>\n<p>&nbsp;<\/p>\n<p style=\"text-align: center;\">a) Die Mitgliedschaft erlischt&nbsp;&nbsp;&nbsp;&nbsp;&nbsp;&nbsp;&nbsp;<\/p>\n<p style=\"text-align: center;\">1.&nbsp; durch Austritt<\/p>\n<p style=\"text-align: center;\">&nbsp; &nbsp;2. durch Ausschluss<\/p>\n<p style=\"text-align: center;\">&nbsp; &nbsp;3. durch Tod<\/p>\n<p style=\"text-align: center;\"><strong>&nbsp;<\/strong><\/p>\n<p style=\"text-align: center;\"><strong><u>\u00a7 &nbsp;5 Austritt aus dem Verein<\/u><\/strong><\/p>\n<p style=\"text-align: center;\">&nbsp;<\/p>\n<p style=\"text-align: center;\">a) Der Austritt aus kann nur zum 31.12. eines Jahres erfolgen. Die Austrittserkl\u00e4rung muss dem Vorstand bis zum 30.11. des Jahres zugegangen sein; bei sp\u00e4terem Zugang wirkt die K\u00fcndigung erst zum 31.12. des Folgejahres.<br \/>\nBeitragsr\u00fcckerstattungen sind nicht statthaft. Forderungen des Vereins an das Mitglied verfallen nicht.<\/p>\n<p>&nbsp;<\/p>\n<p style=\"text-align: center;\"><strong><u>\u00a7 &nbsp;6 Ausschluss aus dem Verein<\/u><\/strong><\/p>\n<p>&nbsp;<\/p>\n<p style=\"text-align: center;\">a) ausgeschlossen werden k\u00f6nnen:<\/p>\n<p style=\"text-align: center;\">1) Mitglieder, die die Ehre des Vereins verletzen<\/p>\n<p style=\"text-align: center;\">2) Mitglieder, die gegen das Vereinsinteresse , die Satzung und die Kameradschaft versto\u00dfen<\/p>\n<p style=\"text-align: center;\">3) Mitglieder, die gegen die sportliche Disziplin und gegen gesetzliche Bestimmungen oder Gesetze im Umgang mit Pfeil und Bogen versto\u00dfen.<\/p>\n<p style=\"text-align: center;\">4) Mitglieder, die vom Kreis-, Bezirks-, Landesverband oder vom Deutschen Sch\u00fctzenbund<br \/>\nausgeschlossen werden.<\/p>\n<p style=\"text-align: center;\">5) Mitglieder, die mit ihren Beitragszahlungen mehr als 30 Tage oder nach der 1. Mahnung im Verzuge sind.<\/p>\n<p style=\"text-align: center;\">&nbsp;<\/p>\n<p style=\"text-align: center;\">b) Der Ausschluss ist dem Betroffenen schriftlich oder in der Jahreshauptversammlung mitzuteilen.<\/p>\n<p style=\"text-align: center;\">&nbsp;<\/p>\n<p style=\"text-align: center;\">c) Der Ausschluss ist rechtswirksam, wenn nicht innerhalb 30 Tagen nach Bekanntgabe an den Betroffenen durch diesen Einspruch erhoben wird.<\/p>\n<p style=\"text-align: center;\">&nbsp;<\/p>\n<p style=\"text-align: center;\">d) \u00dcber den Ausschluss entscheidet:<\/p>\n<p style=\"text-align: center;\">1) Der Vorstand<\/p>\n<p style=\"text-align: center;\">2) Die Mitgliederversammlung mit Mehrheit der anwesenden Mitglieder.<\/p>\n<p style=\"text-align: center;\">&nbsp;<\/p>\n<p style=\"text-align: center;\">e) Falls gegen den Ausschluss Einspruch erhoben wird, entscheidet die Mitgliederversammlung.<br \/>\nBis zur endg\u00fcltigen Entscheidung durch die Mitgliederversammlung ruhen die Rechte des Mitgliedes.<\/p>\n<p style=\"text-align: center;\">&nbsp;<\/p>\n<p style=\"text-align: center;\">Die Entscheidung der Mitgliederversammlung ist endg\u00fcltig.<\/p>\n<p style=\"text-align: center;\"><strong><u>\u00a7 &nbsp;7 Vorstand<\/u><\/strong><\/p>\n<p><strong><u>&nbsp;<\/u><\/strong><\/p>\n<p style=\"text-align: center;\">a) Der Vorstand besteht aus dem Vorsitzenden, dem stellvertretenden Vorsitzenden<br \/>\n(2. Vorsitzender) , dem Kassenwart und dem Schriftf\u00fchrer.<\/p>\n<p style=\"text-align: center;\">&nbsp;<\/p>\n<p style=\"text-align: center;\">b) Nur ordentliche Mitglieder k\u00f6nnen in den Vorstand gew\u00e4hlt werden.<\/p>\n<p style=\"text-align: center;\">&nbsp;<\/p>\n<p style=\"text-align: center;\">c) Der Verein wird gerichtlich und au\u00dfergerichtlich durch zwei Mitglieder des Vorstandes, darunter der Vorsitzende oder der stellvertretende Vorsitzende, vertreten.<\/p>\n<p style=\"text-align: center;\">&nbsp;<\/p>\n<p style=\"text-align: center;\">d) Die Wahl des Vorstandes erfolgt durch die Mitgliederversammlung auf die Dauer von zwei Jahren. Der Vorstand bleibt jedoch nach Ablauf der Amtszeit so lange im Amt, bis der neue Vorstand gew\u00e4hlt ist.<\/p>\n<p style=\"text-align: center;\">&nbsp;<\/p>\n<p style=\"text-align: center;\">e) Der Vorstand f\u00fchrt die Gesch\u00e4fte ehrenamtlich.<\/p>\n<p><strong>&nbsp;<\/strong><\/p>\n<p><strong>&nbsp;<\/strong><\/p>\n<p style=\"text-align: center;\"><strong><u>\u00a7 &nbsp;8 Vereins- und Verbandsabgaben<\/u><\/strong><\/p>\n<p style=\"text-align: center;\"><span style=\"color: #333333; font-family: 'Pontano Sans', arial, sans-serif; font-size: 22px;\">&nbsp;<\/span><\/p>\n<p style=\"text-align: center;\">a) In der Jahreshauptversammlung werden die Vereinsbeitr\u00e4ge festgesetzt.<\/p>\n<p style=\"text-align: center;\">&nbsp;<\/p>\n<p style=\"text-align: center;\">b) In den Vereinsbeitr\u00e4gen sind die Verbandsabgaben enthalten.<\/p>\n<p style=\"text-align: center;\">&nbsp;<\/p>\n<p style=\"text-align: center;\">c) Die Beitr\u00e4ge sind f\u00fcr aktive und passive Mitglieder in gleicher H\u00f6he zu entrichten.<\/p>\n<p style=\"text-align: center;\">&nbsp;<\/p>\n<p style=\"text-align: center;\">d) Die Vereinsbeitr\u00e4ge sind \u201eBringe Schulden\u201c und bis zum 31.M\u00e4rz des laufenden Jahres zu entrichten. Bei Verzug ist der Verein berechtigt eine Bearbeitungsgeb\u00fchr zu verlangen.<\/p>\n<p style=\"text-align: center;\">&nbsp;<\/p>\n<p style=\"text-align: center;\">e) Die H\u00f6he der Bearbeitungsgeb\u00fchr wird in der Jahreshauptversammlung festgesetzt.<\/p>\n<p><strong>&nbsp;<\/strong><\/p>\n<p style=\"text-align: center;\"><strong><u>\u00a7 &nbsp;9 Mitgliederversammlung \u2013 Jahreshauptversammlung<\/u><\/strong><\/p>\n<p style=\"text-align: center;\"><em>&nbsp;<\/em><\/p>\n<p style=\"text-align: center;\">a) Mitgliederversammlungen werden nach Bedarf einberufen.<\/p>\n<p style=\"text-align: center;\">&nbsp;<\/p>\n<p style=\"text-align: center;\">b) Die Jahreshauptversammlung wird durch den Vorstand schriftlich einberufen und hat in den ersten 3 Monaten des Jahres zu erfolgen. Die Einladung zur Jahreshauptversammlung kann auch per E-Mail erfolgen.<\/p>\n<p style=\"text-align: center;\">&nbsp;<\/p>\n<p style=\"text-align: center;\">c) Die Aufgaben der Jahreshauptversammlung sind:<\/p>\n<p style=\"text-align: center;\">&nbsp;<\/p>\n<p style=\"text-align: center;\">1) Jahresberichte des Vorsitzenden, Schriftf\u00fchrer, Kassierers und des Jugendwartes<\/p>\n<p style=\"text-align: center;\">2) Die Entlastung des Vorstandes<\/p>\n<p style=\"text-align: center;\">3) Wahl des Vorstandes<\/p>\n<p style=\"text-align: center;\">4) Wahl der Fachwarte<\/p>\n<p style=\"text-align: center;\">5) Beschlussfassung \u00fcber Satzung oder Satzungs\u00e4nderung<\/p>\n<p style=\"text-align: center;\">6) Festlegung der Beitr\u00e4ge<\/p>\n<p style=\"text-align: center;\">7) Festlegung der Vereinsmeisterschaften<\/p>\n<p style=\"text-align: center;\">8) Beratung und Beschlussfassung \u00fcber eingegangene Antr\u00e4ge.<\/p>\n<p style=\"text-align: center;\">&nbsp;<\/p>\n<p style=\"text-align: center;\">d) Jede ordnungsgem\u00e4\u00df einberufene Jahreshaupt-Mitgliederversammlung ist beschlussf\u00e4hig, ohne R\u00fccksicht auf Anzahl der erschienenen Mitglieder.<\/p>\n<p style=\"text-align: center;\">&nbsp;<\/p>\n<p style=\"text-align: center;\">e) Alle Beschl\u00fcsse werden mit Mehrheit der anwesenden Stimmen entschieden, soweit nicht Gesetz oder Satzung eine andere Mehrheit vorsehen. Bei Stimmengleichheit entscheidet die Stimme des Vorsitzenden.<\/p>\n<p style=\"text-align: center;\">&nbsp;<\/p>\n<p style=\"text-align: center;\">f) Es ist zul\u00e4ssig, zwei Vorstands\u00e4mter in einer Person zu vereinigen.<\/p>\n<p style=\"text-align: center;\">&nbsp;<\/p>\n<p style=\"text-align: center;\">g) \u00dcber die Mitglieder-Jahreshauptversammlung ist eine vom Vorsitzenden oder seinem Stellvertreter und vom Schriftf\u00fchrer oder einem von der Versammlung gew\u00e4hlten Protokollf\u00fchrer zu unterzeichnende Niederschrift aufzunehmen.<\/p>\n<p style=\"text-align: center;\">&nbsp;<\/p>\n<p style=\"text-align: center;\">h) Auf Verlangen von 20% der Mitglieder ist der Vorstand zur Einberufung einer Mitgliederversammlung verpflichtet. Kommt der Vorstand dem Verlangen nicht binnen 6 Wochen nach, ist jeder der verlangenden Mitglieder selbst zur Einberufung berechtigt.<\/p>\n<p>&nbsp;<\/p>\n<p style=\"text-align: center;\"><strong>&nbsp;<u>\u00a7 &nbsp;10 Ehrenmitglieder<\/u><\/strong><\/p>\n<p style=\"text-align: center;\">&nbsp;<\/p>\n<p style=\"text-align: center;\">a) In der Jahreshauptversammlung k\u00f6nnen Mitglieder oder Personen, die sich um den Verein verdient gemacht haben, zu Ehrenmitgliedern vorgeschlagen und ernannt werden.<\/p>\n<p style=\"text-align: center;\">&nbsp;<\/p>\n<p style=\"text-align: center;\">b) Alle Ehrenmitglieder sind Beitragsfrei.<\/p>\n<p style=\"text-align: center;\">&nbsp;<\/p>\n<p style=\"text-align: center;\">c) Ehrenmitglieder sind in den Vorstand w\u00e4hlbar.<\/p>\n<p style=\"text-align: center;\">&nbsp;<\/p>\n<p style=\"text-align: center;\">d) Alle Ehrenmitglieder haben eine g\u00fcltige Stimme.<\/p>\n<p><strong>&nbsp;<\/strong><\/p>\n<p style=\"text-align: center;\"><strong><u>\u00a7 &nbsp;11 Jugendordnung<\/u><\/strong><\/p>\n<p style=\"text-align: center;\"><strong><u>&nbsp;<\/u><\/strong><\/p>\n<p style=\"text-align: center;\">a) Die Jugendgruppe wird vom Jugendwart betreut. Er ist Haupttr\u00e4ger der gesamten Jugendarbeit.<\/p>\n<p style=\"text-align: center;\">&nbsp;<\/p>\n<p style=\"text-align: center;\">b) Nur ein qualifiziertes Mitglied kann das Amt des Jugendwartes \u00fcbernehmen.<\/p>\n<p style=\"text-align: center;\">&nbsp;<\/p>\n<p style=\"text-align: center;\">c) Der Jugendwart ist gegen\u00fcber dem Vorstand f\u00fcr seine T\u00e4tigkeit voll verantwortlich. Er wird nur von Jugendlichen gew\u00e4hlt und von der Versammlung best\u00e4tigt.<\/p>\n<p style=\"text-align: center;\">&nbsp;<\/p>\n<p style=\"text-align: center;\">d) Er hat die Aufgabe, Training und Wettkampf nach g\u00fcltigen Richtlinien zu \u00fcberwachen und zu leiten.<\/p>\n<p style=\"text-align: center;\">&nbsp;<\/p>\n<p style=\"text-align: center;\">e) Verst\u00f6\u00dfe gegen die Jugendordnung k\u00f6nnen mit Verwarnung, in schweren F\u00e4llen mit Ausschluss aus dem Verein geahndet werden.<\/p>\n<p style=\"text-align: center;\"><strong><u>\u00a7 &nbsp;11a Neu Aufwandsentsch\u00e4digung<\/u><\/strong><\/p>\n<p style=\"text-align: center;\">&nbsp;<\/p>\n<p style=\"text-align: center;\">a) Trainer, Jugendtrainer und Helfer k\u00f6nnen vom Verein eine Aufwandsentsch\u00e4digung erhalten.<\/p>\n<p style=\"text-align: center;\">&nbsp;<\/p>\n<p style=\"text-align: center;\">b) Aufwandsentsch\u00e4digung k\u00f6nnen f\u00fcr die folgenden Eins\u00e4tze gezahlt werden:&nbsp;&nbsp;&nbsp;&nbsp;&nbsp;&nbsp;&nbsp;&nbsp;&nbsp;&nbsp;<\/p>\n<p style=\"text-align: center;\">&#8211;&nbsp;&nbsp;&nbsp;&nbsp;&nbsp;&nbsp;&nbsp;&nbsp;&nbsp; Durchf\u00fchrung von Trainingseinheiten<\/p>\n<p style=\"text-align: center;\">&#8211;&nbsp;&nbsp;&nbsp;&nbsp;&nbsp;&nbsp;&nbsp;&nbsp;&nbsp; Durchf\u00fchrung von Anf\u00e4ngerkurse<\/p>\n<p style=\"text-align: center;\">&#8211;&nbsp;&nbsp;&nbsp;&nbsp;&nbsp;&nbsp;&nbsp;&nbsp;&nbsp; Betreuung bei Meisterschaften<\/p>\n<p style=\"text-align: center;\">&#8211;&nbsp;&nbsp;&nbsp;&nbsp;&nbsp;&nbsp;&nbsp;&nbsp;&nbsp; Erstattung von Fahrtkosten<\/p>\n<p style=\"text-align: center;\">&#8211;&nbsp;&nbsp;&nbsp;&nbsp;&nbsp;&nbsp;&nbsp;&nbsp;&nbsp;&nbsp; Aus- und Weitbildungskurse vom WSB werden vom Verein \u00fcbernommen, wenn dadurch ein Nutzen f\u00fcr den Verein entsteht<\/p>\n<p style=\"text-align: center;\">&nbsp;<\/p>\n<p style=\"text-align: center;\">c) Die H\u00f6he der Aufwandsentsch\u00e4digung wird vom Vorstand mit Mehrheit beschlossen.<\/p>\n<p>&nbsp;<\/p>\n<p>&nbsp;<\/p>\n<p style=\"text-align: center;\"><strong><u>\u00a7 &nbsp;12 Aufl\u00f6sung des Vereins<\/u><\/strong><\/p>\n<p style=\"text-align: center;\"><strong>&nbsp;<\/strong><\/p>\n<p style=\"text-align: center;\">a) Eine \u00c4nderung der Vereinssatzung und die Aufl\u00f6sung des Vereins kann nur in einer ordnungsgem\u00e4\u00df einberufenen Mitgliederversammlung mit Dreiviertelmehrheit der anwesenden Mitglieder beschlossen werden, wobei in jedem Falle die Ab\u00e4nderung der Satzung bzw. der Antrag auf Aufl\u00f6sung des Vereins in der Einladung aufzuf\u00fchren ist. Das Vereinsverm\u00f6gen f\u00e4llt dem Westf\u00e4lischen Sch\u00fctzenbund zu, der es ausschlie\u00dflich f\u00fcr einen gemeinn\u00fctzigen Zweck, insbesondere zur F\u00f6rderung der Bogensportjugend des Bezirks III, Ostwestfalen, zu verwenden hat. Eine Aufteilung unter die Mitglieder des Vereins ist ausgeschlossen.<\/p>\n<p style=\"text-align: center;\">&nbsp;<\/p>\n<p style=\"text-align: center;\">b) Etwaige Gewinne d\u00fcrfen nur f\u00fcr satzungsgem\u00e4\u00dfe Zwecke verwendet werden. Die Mitglieder erhalten keine Gewinnanteile und in ihrer Eigenschaft als Mitglieder auch keine sonstigen Zuwendungen aus Mitteln des Vereins.<\/p>\n<p style=\"text-align: center;\">&nbsp;<\/p>\n<p style=\"text-align: center;\">c) Es darf keine Person durch Verwaltungsaufgaben, die dem Zweck des Vereins fremd sind, oder durch unverh\u00e4ltnism\u00e4\u00dfig hohe Verg\u00fctung beg\u00fcnstigt werden.<\/p>\n<p style=\"text-align: center;\"><strong>&nbsp;<\/strong><\/p>\n<p style=\"text-align: center;\"><strong><u>\u00a7 &nbsp;13 Schlussbestimmung<\/u><\/strong><\/p>\n<p style=\"text-align: center;\">&nbsp;<\/p>\n<p style=\"text-align: center;\">Vorstehende Satzung wurde in der Mitgliederversammlung am 27. Februar 1996 in Bielefeld Sennestadt beschlossen.<\/p>\n<p style=\"text-align: center;\">Satzungs\u00e4nderungen in \u00a7 2,3,9 und 13 wurden am 6. Februar 2004 in Bielefeld Sennstadt beschlossen.<\/p>\n<p style=\"text-align: center;\">Satzungs\u00e4nderungen in \u00a7 5 und 6&nbsp; wurden am&nbsp; 14. Februar 2012 in Bielefeld Sennstadt beschlossen.<\/p>\n<p style=\"text-align: center;\">Satzungs\u00e4nderungen in \u00a7 2,3,7,9 ,11a und 13 wurden am 21. M\u00e4rz 2014 in Bielefeld Sennestadt beschlossen.<\/p>\n<p style=\"text-align: center;\">&nbsp;<\/p>\n<p style=\"text-align: center;\">&nbsp;<\/p>\n<p style=\"text-align: center;\"><strong><u>Haus und Platzordnung<\/u><\/strong><\/p>\n<p style=\"text-align: center;\">&nbsp;<\/p>\n<p style=\"text-align: center;\">&nbsp;<\/p>\n<ol style=\"text-align: center;\">\n<li>JEDES MITGLIED&nbsp; IST&nbsp; F\u00dcR&nbsp; DIE&nbsp; SAUBERKEIT&nbsp; DER&nbsp; CLUBR\u00c4UME&nbsp; UND DES&nbsp; PLATZES MITVERANTWORTLICH.<\/li>\n<\/ol>\n<p style=\"text-align: center;\">&nbsp;<\/p>\n<p style=\"text-align: center;\">&nbsp;<\/p>\n<ol style=\"text-align: center;\" start=\"2\">\n<li>DIE VOM&nbsp; VERP\u00c4CHTER&nbsp; BEREITGESTELLTEN&nbsp; SANIT\u00c4REN&nbsp; EINRICHTUNGEN&nbsp; SIND&nbsp; PEINLICHST&nbsp; SAUBER&nbsp; ZU&nbsp; &nbsp;&nbsp; M\u00c4NGEL SIND&nbsp; SOFORT&nbsp; DEM&nbsp; VORSTAND&nbsp; ZU&nbsp; MELDEN.<\/li>\n<\/ol>\n<p style=\"text-align: center;\">&nbsp;<\/p>\n<p style=\"text-align: center;\">&nbsp;<\/p>\n<ol style=\"text-align: center;\" start=\"3\">\n<li>DAS FESTSTELLEN&nbsp; VON&nbsp; BESCH\u00c4DIGUNGEN&nbsp; JEGLICHER&nbsp; ART&nbsp; AM&nbsp; GEL\u00c4NDE&nbsp; ODER&nbsp; DER&nbsp; R\u00c4UME&nbsp; IST&nbsp; UNVERZ\u00dcGLICH&nbsp; DEM&nbsp; VORSTAND&nbsp;<\/li>\n<\/ol>\n<p style=\"text-align: center;\">&nbsp;<\/p>\n<p style=\"text-align: center;\">&nbsp;<\/p>\n<ol style=\"text-align: center;\" start=\"4\">\n<li>RASENPFLEGEGER\u00c4TE SIND&nbsp; NACH&nbsp; DEM&nbsp; GEBRAUCH&nbsp; ZU&nbsp; REINIGEN&nbsp; UND&nbsp; WIEDER&nbsp; IM GER\u00c4TERAUM&nbsp; ZU&nbsp;<\/li>\n<\/ol>\n<p style=\"text-align: center;\">&nbsp;<\/p>\n<p style=\"text-align: center;\">&nbsp;<\/p>\n<ol style=\"text-align: center;\" start=\"5\">\n<li>DIE PARKPL\u00c4TZE&nbsp; RECHTS&nbsp; UND&nbsp; LINKS&nbsp; DES&nbsp; EINGANGES&nbsp; SIND&nbsp; ROLLSTUHL-FAHREREN&nbsp; VORBEHALTEN&nbsp; UND&nbsp; D\u00dcRFEN&nbsp; VON&nbsp; ANDEREN&nbsp; MITGLIEDERN&nbsp; BEI&nbsp; TURNIEREN&nbsp; NICHT&nbsp; BELEGT&nbsp;<\/li>\n<\/ol>\n<p style=\"text-align: center;\">&nbsp;<\/p>\n<p style=\"text-align: center;\">&nbsp;<\/p>\n<ol style=\"text-align: center;\" start=\"6\">\n<li>NOTWENDIGE ARBEITEN&nbsp; SIND&nbsp; VON&nbsp; ALLEN&nbsp; AKTIVEN&nbsp; UND&nbsp; PASSIVEN&nbsp; MITGLIEDERN ZU VERRICHTEN.<\/li>\n<\/ol>\n<p style=\"text-align: center;\">&nbsp;<\/p>\n<p style=\"text-align: center;\">&nbsp;<\/p>\n<ol style=\"text-align: center;\" start=\"7\">\n<li>BEI ALLEN&nbsp; MITGLIEDERVERSAMMLUNGEN&nbsp; IST&nbsp; AUF&nbsp; DIE&nbsp; NICHTRAUCHER&nbsp; R\u00dcCKSICHT ZU&nbsp; &nbsp; DAS&nbsp; RAUCHEN&nbsp; IST&nbsp; AUF&nbsp; DIE&nbsp; PAUSEN&nbsp; ZU&nbsp; BESCHR\u00c4NKEN.<\/li>\n<\/ol>\n<p style=\"text-align: center;\">&nbsp;<\/p>\n<p style=\"text-align: center;\">&nbsp;<\/p>\n<ol style=\"text-align: center;\" start=\"8\">\n<li>DAS RAUCHEN&nbsp; AN&nbsp; DER&nbsp;&nbsp; SCHUSSLINIE&nbsp; IST&nbsp; UNSPORTLICH&nbsp; UND&nbsp; UNERW\u00dcNSCHT;&nbsp; JEDOCH&nbsp; HINTER&nbsp; DER&nbsp; WARTELINIE&nbsp; &nbsp; TABAK&nbsp; UND&nbsp; ZIGRETTENRESTE&nbsp; SIND IN&nbsp; DEN DAF\u00dcR&nbsp; VORGESEHENEN&nbsp; BEH\u00c4LTNISSEN&nbsp; UNTERZUBRINGEN.&nbsp; IN DEN CLUB- R\u00c4UMEN&nbsp; IST&nbsp; DAS&nbsp; RAUCHEN&nbsp; NICHT&nbsp; GESTATTET.<\/li>\n<\/ol>\n<p style=\"text-align: center;\">&nbsp;<\/p>\n<p style=\"text-align: center;\">&nbsp;<\/p>\n<ol style=\"text-align: center;\" start=\"9\">\n<li>DIE F\u00dcR&nbsp; TABAK&nbsp; UND&nbsp; ZIGARETTENRESTE&nbsp; VORGESEHENEN&nbsp; BEH\u00c4LTNISSE&nbsp; SIND&nbsp; VON DEN&nbsp; RAUCHERN&nbsp; REGELM\u00c4SSIG&nbsp; UND&nbsp; UNAUFGEFORDERT&nbsp; ZU&nbsp;<\/li>\n<\/ol>\n<p style=\"text-align: center;\">&nbsp;<\/p>\n<p style=\"text-align: center;\">&nbsp;<\/p>\n<ol style=\"text-align: center;\" start=\"10\">\n<li>W\u00c4HREND DES&nbsp; GEMEINSAMEN&nbsp; TRAININGS&nbsp; D\u00dcRFEN&nbsp; PRO&nbsp; PASSE&nbsp; MAXIMAL&nbsp; DIE&nbsp; (F\u00dcR DIE&nbsp; ENFRENUNG)&nbsp; LAUT&nbsp; FITA&nbsp; VORGESEHENE ANZAHL PFEILE GESCHOSSEN WERDEN:<\/li>\n<\/ol>\n<p style=\"text-align: center;\">&nbsp;<\/p>\n<p style=\"text-align: center;\">&nbsp;<\/p>\n<p style=\"text-align: center;\">Sennestadt&nbsp;&nbsp; 2004<\/p>\n<p style=\"text-align: center;\">Der Vorstand&nbsp;&nbsp;&nbsp;&nbsp;<\/p>\n","protected":false},"excerpt":{"rendered":"<p>Im Folgenden findet Ihr die Satzung des BSC Sennestadt &#8211; alternativ auch als PDF Download. Download Satzung &nbsp; Satzung \u00a7 &nbsp;1 Name, Sitz und Zweck des Vereins a) Der Verein f\u00fchrt den Namen &#8220; Bogensportclub-Sennestadt &#8220; mit dem Zusatz &#8220; e. V.&#8220; nach Eintragung und hat seinen Sitz in Bielefeld. Er ist in das Vereinsregister &hellip; <\/p>\n<p><a class=\"more-link btn\" href=\"https:\/\/bsc-sennestadt.de\/?page_id=24\">Weiterlesen<\/a><\/p>\n","protected":false},"author":38,"featured_media":0,"parent":3,"menu_order":40,"comment_status":"closed","ping_status":"closed","template":"","meta":{"ngg_post_thumbnail":0,"footnotes":""},"class_list":["post-24","page","type-page","status-publish","hentry","nodate","item-wrap"],"_links":{"self":[{"href":"https:\/\/bsc-sennestadt.de\/index.php?rest_route=\/wp\/v2\/pages\/24","targetHints":{"allow":["GET"]}}],"collection":[{"href":"https:\/\/bsc-sennestadt.de\/index.php?rest_route=\/wp\/v2\/pages"}],"about":[{"href":"https:\/\/bsc-sennestadt.de\/index.php?rest_route=\/wp\/v2\/types\/page"}],"author":[{"embeddable":true,"href":"https:\/\/bsc-sennestadt.de\/index.php?rest_route=\/wp\/v2\/users\/38"}],"replies":[{"embeddable":true,"href":"https:\/\/bsc-sennestadt.de\/index.php?rest_route=%2Fwp%2Fv2%2Fcomments&post=24"}],"version-history":[{"count":21,"href":"https:\/\/bsc-sennestadt.de\/index.php?rest_route=\/wp\/v2\/pages\/24\/revisions"}],"predecessor-version":[{"id":2292,"href":"https:\/\/bsc-sennestadt.de\/index.php?rest_route=\/wp\/v2\/pages\/24\/revisions\/2292"}],"up":[{"embeddable":true,"href":"https:\/\/bsc-sennestadt.de\/index.php?rest_route=\/wp\/v2\/pages\/3"}],"wp:attachment":[{"href":"https:\/\/bsc-sennestadt.de\/index.php?rest_route=%2Fwp%2Fv2%2Fmedia&parent=24"}],"curies":[{"name":"wp","href":"https:\/\/api.w.org\/{rel}","templated":true}]}}