{"id":132,"date":"2008-10-28T00:14:44","date_gmt":"2008-10-27T22:14:44","guid":{"rendered":"http:\/\/bsc.linneweber.org\/?page_id=132"},"modified":"2022-05-25T21:22:13","modified_gmt":"2022-05-25T20:22:13","slug":"home","status":"publish","type":"page","link":"https:\/\/bsc-sennestadt.de\/","title":{"rendered":"Willkommen!"},"content":{"rendered":"<p>Herzlich willkommen auf der Internetseite vom Bogensportclub Sennestadt e.V.. Auf den folgenden Seiten finden Sie Informationen \u00fcber den Bogensport und \u00fcber den BSC-Sennestadt.<\/p>\n<p>Wir w\u00fcnschen viel Spa\u00df beim Surfen.<\/p>\n<p><strong><img loading=\"lazy\" decoding=\"async\" class=\"aligncenter size-medium wp-image-1311\" src=\"https:\/\/www.bsc-sennestadt.de\/wp-content\/uploads\/2008\/10\/bsc_platz-019.jpg\" alt=\"\" width=\"300\" height=\"200\"><\/strong><\/p>\n<p>&nbsp;<\/p>\n","protected":false},"excerpt":{"rendered":"<p>Herzlich willkommen auf der Internetseite vom Bogensportclub Sennestadt e.V.. Auf den folgenden Seiten finden Sie Informationen \u00fcber den Bogensport und \u00fcber den BSC-Sennestadt. Wir w\u00fcnschen viel Spa\u00df beim Surfen. &nbsp;<\/p>\n","protected":false},"author":38,"featured_media":0,"parent":0,"menu_order":0,"comment_status":"closed","ping_status":"closed","template":"","meta":{"ngg_post_thumbnail":0,"footnotes":""},"class_list":["post-132","page","type-page","status-publish","hentry","nodate","item-wrap"],"_links":{"self":[{"href":"https:\/\/bsc-sennestadt.de\/index.php?rest_route=\/wp\/v2\/pages\/132","targetHints":{"allow":["GET"]}}],"collection":[{"href":"https:\/\/bsc-sennestadt.de\/index.php?rest_route=\/wp\/v2\/pages"}],"about":[{"href":"https:\/\/bsc-sennestadt.de\/index.php?rest_route=\/wp\/v2\/types\/page"}],"author":[{"embeddable":true,"href":"https:\/\/bsc-sennestadt.de\/index.php?rest_route=\/wp\/v2\/users\/38"}],"replies":[{"embeddable":true,"href":"https:\/\/bsc-sennestadt.de\/index.php?rest_route=%2Fwp%2Fv2%2Fcomments&post=132"}],"version-history":[{"count":66,"href":"https:\/\/bsc-sennestadt.de\/index.php?rest_route=\/wp\/v2\/pages\/132\/revisions"}],"predecessor-version":[{"id":3050,"href":"https:\/\/bsc-sennestadt.de\/index.php?rest_route=\/wp\/v2\/pages\/132\/revisions\/3050"}],"wp:attachment":[{"href":"https:\/\/bsc-sennestadt.de\/index.php?rest_route=%2Fwp%2Fv2%2Fmedia&parent=132"}],"curies":[{"name":"wp","href":"https:\/\/api.w.org\/{rel}","templated":true}]}}